{"id":23,"date":"2023-07-05T15:01:19","date_gmt":"2023-07-05T15:01:19","guid":{"rendered":"https:\/\/web4.rkinformatika.net\/formasem\/?page_id=23"},"modified":"2023-07-10T07:50:12","modified_gmt":"2023-07-10T07:50:12","slug":"noticias","status":"publish","type":"page","link":"https:\/\/formasem.net\/eu\/noticias\/","title":{"rendered":"Berriak"},"content":{"rendered":"<div data-elementor-type=\"wp-page\" data-elementor-id=\"23\" class=\"elementor elementor-23\" data-elementor-post-type=\"page\">\n\t\t\t\t\t\t<section class=\"elementor-section elementor-top-section elementor-element elementor-element-81825f8 elementor-section-content-middle elementor-section-boxed elementor-section-height-default elementor-section-height-default\" data-id=\"81825f8\" data-element_type=\"section\" data-e-type=\"section\" data-settings=\"{&quot;background_background&quot;:&quot;classic&quot;}\">\n\t\t\t\t\t\t\t<div class=\"elementor-background-overlay\"><\/div>\n\t\t\t\t\t\t\t<div class=\"elementor-container elementor-column-gap-default\">\n\t\t\t\t\t<div class=\"elementor-column elementor-col-50 elementor-top-column elementor-element elementor-element-66950fb\" data-id=\"66950fb\" data-element_type=\"column\" data-e-type=\"column\">\n\t\t\t<div class=\"elementor-widget-wrap\">\n\t\t\t\t\t\t\t<\/div>\n\t\t<\/div>\n\t\t\t\t<div class=\"elementor-column elementor-col-50 elementor-top-column elementor-element elementor-element-56921b6\" data-id=\"56921b6\" data-element_type=\"column\" data-e-type=\"column\">\n\t\t\t<div class=\"elementor-widget-wrap\">\n\t\t\t\t\t\t\t<\/div>\n\t\t<\/div>\n\t\t\t\t\t<\/div>\n\t\t<\/section>\n\t\t\t\t<section class=\"elementor-section elementor-top-section elementor-element elementor-element-91c3a3e elementor-section-boxed elementor-section-height-default elementor-section-height-default\" data-id=\"91c3a3e\" data-element_type=\"section\" data-e-type=\"section\">\n\t\t\t\t\t\t<div class=\"elementor-container elementor-column-gap-default\">\n\t\t\t\t\t<div class=\"elementor-column elementor-col-100 elementor-top-column elementor-element elementor-element-42963e2\" data-id=\"42963e2\" data-element_type=\"column\" data-e-type=\"column\">\n\t\t\t<div class=\"elementor-widget-wrap elementor-element-populated\">\n\t\t\t\t\t\t<div class=\"elementor-element elementor-element-634bcd6 elementor-widget elementor-widget-heading\" data-id=\"634bcd6\" data-element_type=\"widget\" data-e-type=\"widget\" data-widget_type=\"heading.default\">\n\t\t\t\t<div class=\"elementor-widget-container\">\n\t\t\t\t\t<h2 class=\"elementor-heading-title elementor-size-default\">Ultimas Noticias<\/h2>\t\t\t\t<\/div>\n\t\t\t\t<\/div>\n\t\t\t\t\t<\/div>\n\t\t<\/div>\n\t\t\t\t\t<\/div>\n\t\t<\/section>\n\t\t\t\t<section class=\"elementor-section elementor-top-section elementor-element elementor-element-aa45d7e elementor-section-boxed elementor-section-height-default elementor-section-height-default\" data-id=\"aa45d7e\" data-element_type=\"section\" data-e-type=\"section\">\n\t\t\t\t\t\t<div class=\"elementor-container elementor-column-gap-default\">\n\t\t\t\t\t<div class=\"elementor-column elementor-col-100 elementor-top-column elementor-element elementor-element-69b42d1\" data-id=\"69b42d1\" data-element_type=\"column\" data-e-type=\"column\">\n\t\t\t<div class=\"elementor-widget-wrap elementor-element-populated\">\n\t\t\t\t\t\t<div class=\"elementor-element elementor-element-b9b3f72 ekit-image-accordion-mobile-vertical ekit-image-accordion-horizontal ekit-image-accordion-click elementor-widget elementor-widget-elementskit-image-accordion\" data-id=\"b9b3f72\" data-element_type=\"widget\" data-e-type=\"widget\" data-widget_type=\"elementskit-image-accordion.default\">\n\t\t\t\t<div class=\"elementor-widget-container\">\n\t\t\t\t\t<div class=\"ekit-wid-con\" >\t\t<div class=\"ekit-image-accordion elementskit-image-accordion-wraper\">\n\t\t\t                <input type=\"radio\" name=\"ekit_ia_b9b3f72\" id=\"ekit_ia_b9b3f72_0\" class=\"elementskit-single-image-accordion--input\" hidden>\n                <label for=\"ekit_ia_b9b3f72_0\" class=\"elementskit-single-image-accordion ekit-image-accordion-item\" style=\"background-image: url(https:\/\/formasem.net\/wp-content\/uploads\/2023\/07\/a-woman-who-causes-a-personal-injury-in-a-car.jpg)\">\n                    <span class=\"elementskit-accordion-content\">\n\t\t\t\t\t\t\t\t\t\t\t\t\t<span class=\"elementskit-icon-wraper ekit-image-accordion-actions\">\n\t\t\t\t\t\t\t\t\t\t\t\t\t\t\t\t<a data-elementor-open-lightbox=\"yes\" data-elementor-lightbox-slideshow=\"b9b3f72\" data-elementor-lightbox-title=\"A woman who causes a personal injury in a car\" data-elementor-lightbox-description=\"A woman who causes a personal injury in a car\" data-e-action-hash=\"#elementor-action%3Aaction%3Dlightbox%26settings%3DeyJpZCI6MTE5NiwidXJsIjoiaHR0cHM6XC9cL2Zvcm1hc2VtLm5ldFwvd3AtY29udGVudFwvdXBsb2Fkc1wvMjAyM1wvMDdcL2Etd29tYW4td2hvLWNhdXNlcy1hLXBlcnNvbmFsLWluanVyeS1pbi1hLWNhci5qcGciLCJzbGlkZXNob3ciOiJiOWIzZjcyIn0%3D\" href=\"https:\/\/formasem.net\/wp-content\/uploads\/2023\/07\/a-woman-who-causes-a-personal-injury-in-a-car.jpg\" aria-label=\"pupup-button\" class=\"icon-outline circle\">\n\t\t\t\t\t\t\t\t\t<i aria-hidden=\"true\" class=\"icon icon-plus\"><\/i>\t\t\t\t\t\t\t\t\t<\/a>\n\t\t\t\t\t\t\t\t\t\t\t\t\t\t\t\t\t\t\t\t\t<\/span>\n\t\t\t\t\t\t\t\t\t\t\t\t\t\t<span class=\"elementskit-accordion-title-wraper\">\n\t\t\t\t\t\t\t\t<span class=\"elementskit-accordion-title\">\n\t\t\t\t\t\t\t\t\n\t\t\t\t\t\t\t\tUsuarios y personal del &quot;poli&quot; a una v\u00edctima de un infarto\n\t\t\t\t\t\t\t\t\t\t\t\t\t\t\t\t<\/span>\n\t\t\t\t\t\t\t<\/span>\n\t\t\t\t\t\t\t\t\t\t\t\t\t\t<span class=\"elementskit-btn-wraper\">\n\t\t\t\t\t\t\t\t<a class=\"ekit-image-accordion--btn elementskit-btn whitespace--normal\" >\n\t\t\t\t\t\t\t\t\tVea m\u00e1s...\t\t\t\t\t\t\t\t<\/a>\n\t\t\t\t\t\t\t<\/span>\n\t\t\t\t\t\t                    <\/span>\n                <\/label>\n                            <input type=\"radio\" name=\"ekit_ia_b9b3f72\" id=\"ekit_ia_b9b3f72_1\" class=\"elementskit-single-image-accordion--input\" hidden>\n                <label for=\"ekit_ia_b9b3f72_1\" class=\"elementskit-single-image-accordion ekit-image-accordion-item\" style=\"background-image: url(https:\/\/formasem.net\/wp-content\/uploads\/2023\/07\/emergency-rescue.jpg)\">\n                    <span class=\"elementskit-accordion-content\">\n\t\t\t\t\t\t\t\t\t\t\t\t\t<span class=\"elementskit-icon-wraper ekit-image-accordion-actions\">\n\t\t\t\t\t\t\t\t\t\t\t\t\t\t\t\t<a data-elementor-open-lightbox=\"yes\" data-elementor-lightbox-slideshow=\"b9b3f72\" data-elementor-lightbox-title=\"Emergency rescue\" data-elementor-lightbox-description=\"Emergency rescue\" data-e-action-hash=\"#elementor-action%3Aaction%3Dlightbox%26settings%3DeyJpZCI6MTIyOCwidXJsIjoiaHR0cHM6XC9cL2Zvcm1hc2VtLm5ldFwvd3AtY29udGVudFwvdXBsb2Fkc1wvMjAyM1wvMDdcL2VtZXJnZW5jeS1yZXNjdWUuanBnIiwic2xpZGVzaG93IjoiYjliM2Y3MiJ9\" href=\"https:\/\/formasem.net\/wp-content\/uploads\/2023\/07\/emergency-rescue.jpg\" aria-label=\"pupup-button\" class=\"icon-outline circle\">\n\t\t\t\t\t\t\t\t\t<i aria-hidden=\"true\" class=\"icon icon-plus\"><\/i>\t\t\t\t\t\t\t\t\t<\/a>\n\t\t\t\t\t\t\t\t\t\t\t\t\t\t\t\t\t\t\t\t\t<\/span>\n\t\t\t\t\t\t\t\t\t\t\t\t\t\t<span class=\"elementskit-accordion-title-wraper\">\n\t\t\t\t\t\t\t\t<span class=\"elementskit-accordion-title\">\n\t\t\t\t\t\t\t\t\n\t\t\t\t\t\t\t\tCurso de tecnicas en emergencias medicas en trauma\n\t\t\t\t\t\t\t\t\t\t\t\t\t\t\t\t<\/span>\n\t\t\t\t\t\t\t<\/span>\n\t\t\t\t\t\t\t\t\t\t\t\t\t\t<span class=\"elementskit-btn-wraper\">\n\t\t\t\t\t\t\t\t<a class=\"ekit-image-accordion--btn elementskit-btn whitespace--normal\" >\n\t\t\t\t\t\t\t\t\tVea m\u00e1s...\t\t\t\t\t\t\t\t<\/a>\n\t\t\t\t\t\t\t<\/span>\n\t\t\t\t\t\t                    <\/span>\n                <\/label>\n                            <input type=\"radio\" name=\"ekit_ia_b9b3f72\" id=\"ekit_ia_b9b3f72_2\" class=\"elementskit-single-image-accordion--input\" hidden>\n                <label for=\"ekit_ia_b9b3f72_2\" class=\"elementskit-single-image-accordion ekit-image-accordion-item\" style=\"background-image: url(https:\/\/formasem.net\/wp-content\/uploads\/2023\/07\/high-speed-ambulance-on-a-new-york-city-street.jpg)\">\n                    <span class=\"elementskit-accordion-content\">\n\t\t\t\t\t\t\t\t\t\t\t\t\t<span class=\"elementskit-icon-wraper ekit-image-accordion-actions\">\n\t\t\t\t\t\t\t\t\t\t\t\t\t\t\t\t<a data-elementor-open-lightbox=\"yes\" data-elementor-lightbox-slideshow=\"b9b3f72\" data-elementor-lightbox-title=\"High-speed ambulance on a New York City street\" data-elementor-lightbox-description=\"High-speed ambulance on a New York City street\" data-e-action-hash=\"#elementor-action%3Aaction%3Dlightbox%26settings%3DeyJpZCI6MTIzMCwidXJsIjoiaHR0cHM6XC9cL2Zvcm1hc2VtLm5ldFwvd3AtY29udGVudFwvdXBsb2Fkc1wvMjAyM1wvMDdcL2hpZ2gtc3BlZWQtYW1idWxhbmNlLW9uLWEtbmV3LXlvcmstY2l0eS1zdHJlZXQuanBnIiwic2xpZGVzaG93IjoiYjliM2Y3MiJ9\" href=\"https:\/\/formasem.net\/wp-content\/uploads\/2023\/07\/high-speed-ambulance-on-a-new-york-city-street.jpg\" aria-label=\"pupup-button\" class=\"icon-outline circle\">\n\t\t\t\t\t\t\t\t\t<i aria-hidden=\"true\" class=\"icon icon-plus\"><\/i>\t\t\t\t\t\t\t\t\t<\/a>\n\t\t\t\t\t\t\t\t\t\t\t\t\t\t\t\t\t\t\t\t\t<\/span>\n\t\t\t\t\t\t\t\t\t\t\t\t\t\t<span class=\"elementskit-accordion-title-wraper\">\n\t\t\t\t\t\t\t\t<span class=\"elementskit-accordion-title\">\n\t\t\t\t\t\t\t\t\n\t\t\t\t\t\t\t\tHabilitaci\u00f3n de los conductores de ambulancias en Murcia\n\t\t\t\t\t\t\t\t\t\t\t\t\t\t\t\t<\/span>\n\t\t\t\t\t\t\t<\/span>\n\t\t\t\t\t\t\t\t\t\t\t\t\t\t<span class=\"elementskit-btn-wraper\">\n\t\t\t\t\t\t\t\t<a class=\"ekit-image-accordion--btn elementskit-btn whitespace--normal\" >\n\t\t\t\t\t\t\t\t\tVea m\u00e1s...\t\t\t\t\t\t\t\t<\/a>\n\t\t\t\t\t\t\t<\/span>\n\t\t\t\t\t\t                    <\/span>\n                <\/label>\n                            <input type=\"radio\" name=\"ekit_ia_b9b3f72\" id=\"ekit_ia_b9b3f72_3\" class=\"elementskit-single-image-accordion--input\" checked=\"checked\" hidden>\n                <label for=\"ekit_ia_b9b3f72_3\" class=\"elementskit-single-image-accordion ekit-image-accordion-item\" style=\"background-image: url(https:\/\/formasem.net\/wp-content\/uploads\/2023\/07\/group-of-male-high-school-students-playing-in-soccer-team.jpg)\">\n                    <span class=\"elementskit-accordion-content\">\n\t\t\t\t\t\t\t\t\t\t\t\t\t<span class=\"elementskit-icon-wraper ekit-image-accordion-actions\">\n\t\t\t\t\t\t\t\t\t\t\t\t\t\t\t\t<a data-elementor-open-lightbox=\"yes\" data-elementor-lightbox-slideshow=\"b9b3f72\" data-elementor-lightbox-title=\"Group Of Male High School Students Playing In Soccer Team\" data-elementor-lightbox-description=\"Group Of Male High School Students Playing In Soccer Team\" data-e-action-hash=\"#elementor-action%3Aaction%3Dlightbox%26settings%3DeyJpZCI6MTIzMSwidXJsIjoiaHR0cHM6XC9cL2Zvcm1hc2VtLm5ldFwvd3AtY29udGVudFwvdXBsb2Fkc1wvMjAyM1wvMDdcL2dyb3VwLW9mLW1hbGUtaGlnaC1zY2hvb2wtc3R1ZGVudHMtcGxheWluZy1pbi1zb2NjZXItdGVhbS5qcGciLCJzbGlkZXNob3ciOiJiOWIzZjcyIn0%3D\" href=\"https:\/\/formasem.net\/wp-content\/uploads\/2023\/07\/group-of-male-high-school-students-playing-in-soccer-team.jpg\" aria-label=\"pupup-button\" class=\"icon-outline circle\">\n\t\t\t\t\t\t\t\t\t<i aria-hidden=\"true\" class=\"icon icon-plus\"><\/i>\t\t\t\t\t\t\t\t\t<\/a>\n\t\t\t\t\t\t\t\t\t\t\t\t\t\t\t\t\t\t\t\t\t<\/span>\n\t\t\t\t\t\t\t\t\t\t\t\t\t\t<span class=\"elementskit-accordion-title-wraper\">\n\t\t\t\t\t\t\t\t<span class=\"elementskit-accordion-title\">\n\t\t\t\t\t\t\t\t\n\t\t\t\t\t\t\t\tFallece un jugador cadete de 14 antes de un entrenamiento\n\t\t\t\t\t\t\t\t\t\t\t\t\t\t\t\t<\/span>\n\t\t\t\t\t\t\t<\/span>\n\t\t\t\t\t\t\t\t\t\t\t\t\t\t<span class=\"elementskit-btn-wraper\">\n\t\t\t\t\t\t\t\t<a class=\"ekit-image-accordion--btn elementskit-btn whitespace--normal\" >\n\t\t\t\t\t\t\t\t\tVea m\u00e1s...\t\t\t\t\t\t\t\t<\/a>\n\t\t\t\t\t\t\t<\/span>\n\t\t\t\t\t\t                    <\/span>\n                <\/label>\n                    <\/div>\n    <\/div>\t\t\t\t<\/div>\n\t\t\t\t<\/div>\n\t\t\t\t\t<\/div>\n\t\t<\/div>\n\t\t\t\t\t<\/div>\n\t\t<\/section>\n\t\t\t\t<\/div>","protected":false},"excerpt":{"rendered":"<p>Ultimas Noticias Usuarios y personal del &quot;poli&quot; a una v\u00edctima de un infarto Vea m\u00e1s&#8230; Curso de tecnicas en emergencias medicas en trauma Vea m\u00e1s&#8230; Habilitaci\u00f3n de los conductores de ambulancias en Murcia Vea m\u00e1s&#8230; Fallece un jugador cadete de 14 antes de un entrenamiento Vea m\u00e1s&#8230;<\/p>","protected":false},"author":1,"featured_media":0,"parent":0,"menu_order":0,"comment_status":"closed","ping_status":"closed","template":"elementor_canvas","meta":{"footnotes":""},"class_list":["post-23","page","type-page","status-publish","hentry"],"yoast_head":"<!-- This site is optimized with the Yoast SEO plugin v27.4 - https:\/\/yoast.com\/product\/yoast-seo-wordpress\/ -->\n<title>Noticias - Formasem<\/title>\n<meta name=\"robots\" content=\"index, follow, max-snippet:-1, max-image-preview:large, max-video-preview:-1\" \/>\n<link rel=\"canonical\" href=\"https:\/\/formasem.net\/eu\/noticias\/\" \/>\n<meta property=\"og:locale\" content=\"en_US\" \/>\n<meta property=\"og:type\" content=\"article\" \/>\n<meta property=\"og:title\" content=\"Noticias - Formasem\" \/>\n<meta property=\"og:description\" content=\"Ultimas Noticias Usuarios y personal del &quot;poli&quot; a una v\u00edctima de un infarto Vea m\u00e1s&#8230; Curso de tecnicas en emergencias medicas en trauma Vea m\u00e1s&#8230; Habilitaci\u00f3n de los conductores de ambulancias en Murcia Vea m\u00e1s&#8230; Fallece un jugador cadete de 14 antes de un entrenamiento Vea m\u00e1s&#8230;\" \/>\n<meta property=\"og:url\" content=\"https:\/\/formasem.net\/eu\/noticias\/\" \/>\n<meta property=\"og:site_name\" content=\"Formasem\" \/>\n<meta property=\"article:modified_time\" content=\"2023-07-10T07:50:12+00:00\" \/>\n<meta name=\"twitter:card\" content=\"summary_large_image\" \/>\n<meta name=\"twitter:label1\" content=\"Est. reading time\" \/>\n\t<meta name=\"twitter:data1\" content=\"1 minutua\" \/>\n<script type=\"application\/ld+json\" class=\"yoast-schema-graph\">{\"@context\":\"https:\\\/\\\/schema.org\",\"@graph\":[{\"@type\":\"WebPage\",\"@id\":\"https:\\\/\\\/formasem.net\\\/noticias\\\/\",\"url\":\"https:\\\/\\\/formasem.net\\\/noticias\\\/\",\"name\":\"Noticias - Formasem\",\"isPartOf\":{\"@id\":\"https:\\\/\\\/formasem.net\\\/#website\"},\"datePublished\":\"2023-07-05T15:01:19+00:00\",\"dateModified\":\"2023-07-10T07:50:12+00:00\",\"breadcrumb\":{\"@id\":\"https:\\\/\\\/formasem.net\\\/noticias\\\/#breadcrumb\"},\"inLanguage\":\"eu\",\"potentialAction\":[{\"@type\":\"ReadAction\",\"target\":[\"https:\\\/\\\/formasem.net\\\/noticias\\\/\"]}]},{\"@type\":\"BreadcrumbList\",\"@id\":\"https:\\\/\\\/formasem.net\\\/noticias\\\/#breadcrumb\",\"itemListElement\":[{\"@type\":\"ListItem\",\"position\":1,\"name\":\"Portada\",\"item\":\"https:\\\/\\\/formasem.net\\\/\"},{\"@type\":\"ListItem\",\"position\":2,\"name\":\"Noticias\"}]},{\"@type\":\"WebSite\",\"@id\":\"https:\\\/\\\/formasem.net\\\/#website\",\"url\":\"https:\\\/\\\/formasem.net\\\/\",\"name\":\"Formasem\",\"description\":\"Formasem\",\"publisher\":{\"@id\":\"https:\\\/\\\/formasem.net\\\/#organization\"},\"potentialAction\":[{\"@type\":\"SearchAction\",\"target\":{\"@type\":\"EntryPoint\",\"urlTemplate\":\"https:\\\/\\\/formasem.net\\\/?s={search_term_string}\"},\"query-input\":{\"@type\":\"PropertyValueSpecification\",\"valueRequired\":true,\"valueName\":\"search_term_string\"}}],\"inLanguage\":\"eu\"},{\"@type\":\"Organization\",\"@id\":\"https:\\\/\\\/formasem.net\\\/#organization\",\"name\":\"Formasem\",\"url\":\"https:\\\/\\\/formasem.net\\\/\",\"logo\":{\"@type\":\"ImageObject\",\"inLanguage\":\"eu\",\"@id\":\"https:\\\/\\\/formasem.net\\\/#\\\/schema\\\/logo\\\/image\\\/\",\"url\":\"https:\\\/\\\/formasem.net\\\/wp-content\\\/uploads\\\/2023\\\/07\\\/cropped-iconoc.png\",\"contentUrl\":\"https:\\\/\\\/formasem.net\\\/wp-content\\\/uploads\\\/2023\\\/07\\\/cropped-iconoc.png\",\"width\":500,\"height\":381,\"caption\":\"Formasem\"},\"image\":{\"@id\":\"https:\\\/\\\/formasem.net\\\/#\\\/schema\\\/logo\\\/image\\\/\"}}]}<\/script>\n<!-- \/ Yoast SEO plugin. -->","yoast_head_json":{"title":"Noticias - Formasem","robots":{"index":"index","follow":"follow","max-snippet":"max-snippet:-1","max-image-preview":"max-image-preview:large","max-video-preview":"max-video-preview:-1"},"canonical":"https:\/\/formasem.net\/eu\/noticias\/","og_locale":"en_US","og_type":"article","og_title":"Noticias - Formasem","og_description":"Ultimas Noticias Usuarios y personal del &quot;poli&quot; a una v\u00edctima de un infarto Vea m\u00e1s&#8230; Curso de tecnicas en emergencias medicas en trauma Vea m\u00e1s&#8230; Habilitaci\u00f3n de los conductores de ambulancias en Murcia Vea m\u00e1s&#8230; Fallece un jugador cadete de 14 antes de un entrenamiento Vea m\u00e1s&#8230;","og_url":"https:\/\/formasem.net\/eu\/noticias\/","og_site_name":"Formasem","article_modified_time":"2023-07-10T07:50:12+00:00","twitter_card":"summary_large_image","twitter_misc":{"Est. reading time":"1 minutua"},"schema":{"@context":"https:\/\/schema.org","@graph":[{"@type":"WebPage","@id":"https:\/\/formasem.net\/noticias\/","url":"https:\/\/formasem.net\/noticias\/","name":"Noticias - Formasem","isPartOf":{"@id":"https:\/\/formasem.net\/#website"},"datePublished":"2023-07-05T15:01:19+00:00","dateModified":"2023-07-10T07:50:12+00:00","breadcrumb":{"@id":"https:\/\/formasem.net\/noticias\/#breadcrumb"},"inLanguage":"eu","potentialAction":[{"@type":"ReadAction","target":["https:\/\/formasem.net\/noticias\/"]}]},{"@type":"BreadcrumbList","@id":"https:\/\/formasem.net\/noticias\/#breadcrumb","itemListElement":[{"@type":"ListItem","position":1,"name":"Portada","item":"https:\/\/formasem.net\/"},{"@type":"ListItem","position":2,"name":"Noticias"}]},{"@type":"WebSite","@id":"https:\/\/formasem.net\/#website","url":"https:\/\/formasem.net\/","name":"Formasem","description":"Formasem","publisher":{"@id":"https:\/\/formasem.net\/#organization"},"potentialAction":[{"@type":"SearchAction","target":{"@type":"EntryPoint","urlTemplate":"https:\/\/formasem.net\/?s={search_term_string}"},"query-input":{"@type":"PropertyValueSpecification","valueRequired":true,"valueName":"search_term_string"}}],"inLanguage":"eu"},{"@type":"Organization","@id":"https:\/\/formasem.net\/#organization","name":"Formasem","url":"https:\/\/formasem.net\/","logo":{"@type":"ImageObject","inLanguage":"eu","@id":"https:\/\/formasem.net\/#\/schema\/logo\/image\/","url":"https:\/\/formasem.net\/wp-content\/uploads\/2023\/07\/cropped-iconoc.png","contentUrl":"https:\/\/formasem.net\/wp-content\/uploads\/2023\/07\/cropped-iconoc.png","width":500,"height":381,"caption":"Formasem"},"image":{"@id":"https:\/\/formasem.net\/#\/schema\/logo\/image\/"}}]}},"_links":{"self":[{"href":"https:\/\/formasem.net\/eu\/wp-json\/wp\/v2\/pages\/23","targetHints":{"allow":["GET"]}}],"collection":[{"href":"https:\/\/formasem.net\/eu\/wp-json\/wp\/v2\/pages"}],"about":[{"href":"https:\/\/formasem.net\/eu\/wp-json\/wp\/v2\/types\/page"}],"author":[{"embeddable":true,"href":"https:\/\/formasem.net\/eu\/wp-json\/wp\/v2\/users\/1"}],"replies":[{"embeddable":true,"href":"https:\/\/formasem.net\/eu\/wp-json\/wp\/v2\/comments?post=23"}],"version-history":[{"count":43,"href":"https:\/\/formasem.net\/eu\/wp-json\/wp\/v2\/pages\/23\/revisions"}],"predecessor-version":[{"id":1251,"href":"https:\/\/formasem.net\/eu\/wp-json\/wp\/v2\/pages\/23\/revisions\/1251"}],"wp:attachment":[{"href":"https:\/\/formasem.net\/eu\/wp-json\/wp\/v2\/media?parent=23"}],"curies":[{"name":"wp","href":"https:\/\/api.w.org\/{rel}","templated":true}]}}